{"id":48399,"date":"2019-05-19T15:09:41","date_gmt":"2019-05-19T13:09:41","guid":{"rendered":"http:\/\/www.zentrum.hu\/?page_id=48399"},"modified":"2019-10-14T13:57:23","modified_gmt":"2019-10-14T11:57:23","slug":"wahl-2019","status":"publish","type":"page","link":"https:\/\/www.zentrum.hu\/de\/wahl-2019\/","title":{"rendered":"Wahl 2019"},"content":{"rendered":"<p style=\"text-align: center;\"><a href=\"http:\/\/www.zentrum.hu\/wp-content\/uploads\/v\u00e1laszt\u00e1s_2019_de_nagy_02_cmyk.jpg\"><img loading=\"lazy\" decoding=\"async\" class=\"size-medium wp-image-50509 aligncenter\" alt=\"v\u00e1laszt\u00e1s_2019_de_nagy_02_cmyk\" src=\"http:\/\/www.zentrum.hu\/wp-content\/uploads\/v\u00e1laszt\u00e1s_2019_de_nagy_02_cmyk-510x289.jpg\" width=\"510\" height=\"289\" srcset=\"https:\/\/www.zentrum.hu\/wp-content\/uploads\/v\u00e1laszt\u00e1s_2019_de_nagy_02_cmyk-510x289.jpg 510w, https:\/\/www.zentrum.hu\/wp-content\/uploads\/v\u00e1laszt\u00e1s_2019_de_nagy_02_cmyk.jpg 1280w\" sizes=\"auto, (max-width: 510px) 100vw, 510px\" \/><\/a><\/p>\n<p style=\"text-align: center;\"><strong>\u201eInterne Diskussionen, verschiedene Meinungen,<br \/>\n<\/strong><strong>aber Einigkeit im Handeln sollten uns kennzeichnen\u201c\u00a0<\/strong><\/p>\n<p style=\"text-align: center;\">Wahlen der deutschen Nationalit\u00e4tenselbstverwaltungen verliefen problemlos<\/p>\n<p style=\"text-align: justify;\">\u201eUngarndeutsch. Steh dazu!\u201c war das Motto der Wahlkampagne f\u00fcr die Wahl der deutschen Nationalit\u00e4tenselbstverwaltungen 2019 \u2013 und diesem Aufruf der Landesselbstverwaltung der Ungarndeutschen sind viele unserer Landsleute gefolgt. Am 13. Oktober haben insgesamt beinahe 55.000 Wahlberechtigte in 406 Gemeinden ihre Stimmen f\u00fcr die Landes-, regionalen (Komitats- bzw. hauptst\u00e4dtische) und \u00f6rtlichen\u00a0K\u00f6rperschaften, also f\u00fcr die wichtigsten Interessenvertretungsorgane unserer Nationalit\u00e4t, abgeben\u00a0k\u00f6nnen.<\/p>\n<p style=\"text-align: justify;\">Die Beteiligung an der Wahl der Landesselbstverwaltung der Ungarndeutschen lag bei fast 74%, und 30.449 W\u00e4hlerinnen und W\u00e4hler haben ihre g\u00fcltige Stimme der einheitlichen Landesliste gegeben. Somit kann die neue, 47 Abgeordnete z\u00e4hlende Vollversammlung mit besonders starker Legitimation ihre f\u00fcnfj\u00e4hrige T\u00e4tigkeit angehen.<\/p>\n<p style=\"text-align: justify;\">Die Vorsitzende der LdU zeigte sich grunds\u00e4tzlich zuversichtlich: \u201eWir\u00a0k\u00f6nnen mit den Wahlergebnissen sehr zufrieden sein, ich denke in erster Linie an die Teilnahme, die sich im Vergleich zu 2014 um 4% erh\u00f6hte\u201c, so\u00a0Ibolya Hock-Englender. \u201eSowohl die Zahl der Registrationen als auch die Wahlbeteiligung zeigt f\u00fcr mich, dass die Deutschen in Ungarn an ihrer Zukunft als Volksgruppe weitgehend interessiert sind! Die Angaben \u00fcber die Zahl der lokalen Selbstverwaltungen liegen noch nicht vor, aber ich vermute, dass in allen 406 Ortschaften und 15 Regionen (Budapest und die Komitate) die deutschen Selbstverwaltungen mit ihrer T\u00e4tigkeit beginnen\u00a0k\u00f6nnen. Hervorheben m\u00f6chte ich noch, dass f\u00fcr uns unser gemeinsames Auftreten durch die einheitliche Landesliste sehr wichtig ist. Interne Diskussionen, verschiedene Meinungen, aber Einigkeit im Handeln sollte uns auch weiterhin kennzeichnen.\u201c<\/p>\n<p style=\"text-align: justify;\">Die LdU-Chefin wies auch darauf hin, dass die parallel zu den Kommunalwahlen abgehaltenen Nationalit\u00e4tenselbstverwaltungswahlen bis auf einige Ausnahmef\u00e4lle ohne Schwierigkeiten verliefen.<\/p>\n<p style=\"text-align: justify;\">Bei der Gr\u00fcndungssitzung des h\u00f6chsten Gremiums der Ungarndeutschen \u2013 zu der es voraussichtlich am 28. Oktober kommt \u2013 werden die Vollversammlungsmitglieder aus ihren eigenen Reihen Vorsitzende(n) und Vizevorsitzende(n), sowie weitere Amtstr\u00e4ger f\u00fcr die neue Legislaturperiode w\u00e4hlen.<\/p>\n<p><em>Die am 12. Oktober 2019 gew\u00e4hlten\u00a0Vollversammlungsmitglieder:<\/em><\/p>\n<p><em><div id='gallery-1' class='gallery galleryid-48399 gallery-columns-4 gallery-size-thumbnail'><figure class='gallery-item'>\n\t\t\t<div class='gallery-icon landscape'>\n\t\t\t\t<a href='https:\/\/www.zentrum.hu\/wp-content\/uploads\/Ibolya-Hock-Englender1.jpg'><img loading=\"lazy\" decoding=\"async\" width=\"150\" height=\"150\" src=\"https:\/\/www.zentrum.hu\/wp-content\/uploads\/Ibolya-Hock-Englender1-150x150.jpg\" class=\"attachment-thumbnail size-thumbnail\" alt=\"\" \/><\/a>\n\t\t\t<\/div><\/figure><figure class='gallery-item'>\n\t\t\t<div class='gallery-icon landscape'>\n\t\t\t\t<a href='https:\/\/www.zentrum.hu\/wp-content\/uploads\/Josef_Manz1.jpg'><img loading=\"lazy\" decoding=\"async\" width=\"150\" height=\"150\" src=\"https:\/\/www.zentrum.hu\/wp-content\/uploads\/Josef_Manz1-150x150.jpg\" class=\"attachment-thumbnail size-thumbnail\" alt=\"\" \/><\/a>\n\t\t\t<\/div><\/figure><figure class='gallery-item'>\n\t\t\t<div class='gallery-icon landscape'>\n\t\t\t\t<a href='https:\/\/www.zentrum.hu\/wp-content\/uploads\/Schindler_Laszlo.jpg'><img loading=\"lazy\" decoding=\"async\" width=\"150\" height=\"150\" src=\"https:\/\/www.zentrum.hu\/wp-content\/uploads\/Schindler_Laszlo-150x150.jpg\" class=\"attachment-thumbnail size-thumbnail\" alt=\"\" \/><\/a>\n\t\t\t<\/div><\/figure><figure class='gallery-item'>\n\t\t\t<div class='gallery-icon landscape'>\n\t\t\t\t<a href='https:\/\/www.zentrum.hu\/wp-content\/uploads\/Eva_Waldmann_B.jpg'><img loading=\"lazy\" decoding=\"async\" width=\"150\" height=\"150\" src=\"https:\/\/www.zentrum.hu\/wp-content\/uploads\/Eva_Waldmann_B-150x150.jpg\" class=\"attachment-thumbnail size-thumbnail\" alt=\"\" \/><\/a>\n\t\t\t<\/div><\/figure><figure class='gallery-item'>\n\t\t\t<div class='gallery-icon landscape'>\n\t\t\t\t<a href='https:\/\/www.zentrum.hu\/wp-content\/uploads\/Koch_Emil.jpg'><img loading=\"lazy\" decoding=\"async\" width=\"150\" height=\"150\" src=\"https:\/\/www.zentrum.hu\/wp-content\/uploads\/Koch_Emil-150x150.jpg\" class=\"attachment-thumbnail size-thumbnail\" alt=\"\" \/><\/a>\n\t\t\t<\/div><\/figure><figure class='gallery-item'>\n\t\t\t<div class='gallery-icon landscape'>\n\t\t\t\t<a href='https:\/\/www.zentrum.hu\/wp-content\/uploads\/DR_Katalin_Gajdos_F.jpg'><img loading=\"lazy\" decoding=\"async\" width=\"150\" height=\"150\" src=\"https:\/\/www.zentrum.hu\/wp-content\/uploads\/DR_Katalin_Gajdos_F-150x150.jpg\" class=\"attachment-thumbnail size-thumbnail\" alt=\"\" \/><\/a>\n\t\t\t<\/div><\/figure><figure class='gallery-item'>\n\t\t\t<div class='gallery-icon landscape'>\n\t\t\t\t<a href='https:\/\/www.zentrum.hu\/wp-content\/uploads\/Dr._Michael_Jozan-Jilling.jpg'><img loading=\"lazy\" decoding=\"async\" width=\"150\" height=\"150\" src=\"https:\/\/www.zentrum.hu\/wp-content\/uploads\/Dr._Michael_Jozan-Jilling-150x150.jpg\" class=\"attachment-thumbnail size-thumbnail\" alt=\"\" \/><\/a>\n\t\t\t<\/div><\/figure><figure class='gallery-item'>\n\t\t\t<div class='gallery-icon landscape'>\n\t\t\t\t<a href='https:\/\/www.zentrum.hu\/wp-content\/uploads\/Maria_Erb.jpg'><img loading=\"lazy\" decoding=\"async\" width=\"150\" height=\"150\" src=\"https:\/\/www.zentrum.hu\/wp-content\/uploads\/Maria_Erb-150x150.jpg\" class=\"attachment-thumbnail size-thumbnail\" alt=\"\" \/><\/a>\n\t\t\t<\/div><\/figure><figure class='gallery-item'>\n\t\t\t<div class='gallery-icon landscape'>\n\t\t\t\t<a href='https:\/\/www.zentrum.hu\/wp-content\/uploads\/Tibor_Gerlinger1.jpg'><img loading=\"lazy\" decoding=\"async\" width=\"150\" height=\"150\" src=\"https:\/\/www.zentrum.hu\/wp-content\/uploads\/Tibor_Gerlinger1-150x150.jpg\" class=\"attachment-thumbnail size-thumbnail\" alt=\"\" \/><\/a>\n\t\t\t<\/div><\/figure><figure class='gallery-item'>\n\t\t\t<div class='gallery-icon landscape'>\n\t\t\t\t<a href='https:\/\/www.zentrum.hu\/wp-content\/uploads\/Taschner_Tamas1.jpg'><img loading=\"lazy\" decoding=\"async\" width=\"150\" height=\"150\" src=\"https:\/\/www.zentrum.hu\/wp-content\/uploads\/Taschner_Tamas1-150x150.jpg\" class=\"attachment-thumbnail size-thumbnail\" alt=\"\" \/><\/a>\n\t\t\t<\/div><\/figure><figure class='gallery-item'>\n\t\t\t<div class='gallery-icon landscape'>\n\t\t\t\t<a href='https:\/\/www.zentrum.hu\/wp-content\/uploads\/Anita-Repasi-Hack.jpg'><img loading=\"lazy\" decoding=\"async\" width=\"150\" height=\"150\" src=\"https:\/\/www.zentrum.hu\/wp-content\/uploads\/Anita-Repasi-Hack-150x150.jpg\" class=\"attachment-thumbnail size-thumbnail\" alt=\"\" \/><\/a>\n\t\t\t<\/div><\/figure><figure class='gallery-item'>\n\t\t\t<div class='gallery-icon landscape'>\n\t\t\t\t<a href='https:\/\/www.zentrum.hu\/wp-content\/uploads\/Szabo_Andras.jpg'><img loading=\"lazy\" decoding=\"async\" width=\"150\" height=\"150\" src=\"https:\/\/www.zentrum.hu\/wp-content\/uploads\/Szabo_Andras-150x150.jpg\" class=\"attachment-thumbnail size-thumbnail\" alt=\"\" \/><\/a>\n\t\t\t<\/div><\/figure><figure class='gallery-item'>\n\t\t\t<div class='gallery-icon landscape'>\n\t\t\t\t<a href='https:\/\/www.zentrum.hu\/wp-content\/uploads\/Tamas_Friedl.jpg'><img loading=\"lazy\" decoding=\"async\" width=\"150\" height=\"150\" src=\"https:\/\/www.zentrum.hu\/wp-content\/uploads\/Tamas_Friedl-150x150.jpg\" class=\"attachment-thumbnail size-thumbnail\" alt=\"\" \/><\/a>\n\t\t\t<\/div><\/figure><figure class='gallery-item'>\n\t\t\t<div class='gallery-icon landscape'>\n\t\t\t\t<a href='https:\/\/www.zentrum.hu\/wp-content\/uploads\/Magdalena_Megyaszai-Mammel.jpg'><img loading=\"lazy\" decoding=\"async\" width=\"150\" height=\"150\" src=\"https:\/\/www.zentrum.hu\/wp-content\/uploads\/Magdalena_Megyaszai-Mammel-150x150.jpg\" class=\"attachment-thumbnail size-thumbnail\" alt=\"\" \/><\/a>\n\t\t\t<\/div><\/figure><figure class='gallery-item'>\n\t\t\t<div class='gallery-icon landscape'>\n\t\t\t\t<a href='https:\/\/www.zentrum.hu\/wp-content\/uploads\/Alfred_Manz.jpg'><img loading=\"lazy\" decoding=\"async\" width=\"150\" height=\"150\" src=\"https:\/\/www.zentrum.hu\/wp-content\/uploads\/Alfred_Manz-150x150.jpg\" class=\"attachment-thumbnail size-thumbnail\" alt=\"\" \/><\/a>\n\t\t\t<\/div><\/figure><figure class='gallery-item'>\n\t\t\t<div class='gallery-icon landscape'>\n\t\t\t\t<a href='https:\/\/www.zentrum.hu\/wp-content\/uploads\/Ilona-Kohler_Koch.jpg'><img loading=\"lazy\" decoding=\"async\" width=\"150\" height=\"150\" src=\"https:\/\/www.zentrum.hu\/wp-content\/uploads\/Ilona-Kohler_Koch-150x150.jpg\" class=\"attachment-thumbnail size-thumbnail\" alt=\"\" \/><\/a>\n\t\t\t<\/div><\/figure><figure class='gallery-item'>\n\t\t\t<div class='gallery-icon landscape'>\n\t\t\t\t<a href='https:\/\/www.zentrum.hu\/wp-content\/uploads\/Hajnalka_Lelkes.jpg'><img loading=\"lazy\" decoding=\"async\" width=\"150\" height=\"150\" src=\"https:\/\/www.zentrum.hu\/wp-content\/uploads\/Hajnalka_Lelkes-150x150.jpg\" class=\"attachment-thumbnail size-thumbnail\" alt=\"\" \/><\/a>\n\t\t\t<\/div><\/figure><figure class='gallery-item'>\n\t\t\t<div class='gallery-icon landscape'>\n\t\t\t\t<a href='https:\/\/www.zentrum.hu\/wp-content\/uploads\/Menonine_Pillmann_Terez.jpg'><img loading=\"lazy\" decoding=\"async\" width=\"150\" height=\"150\" src=\"https:\/\/www.zentrum.hu\/wp-content\/uploads\/Menonine_Pillmann_Terez-150x150.jpg\" class=\"attachment-thumbnail size-thumbnail\" alt=\"\" \/><\/a>\n\t\t\t<\/div><\/figure><figure class='gallery-item'>\n\t\t\t<div class='gallery-icon landscape'>\n\t\t\t\t<a href='https:\/\/www.zentrum.hu\/wp-content\/uploads\/Adrienn_Bierbaum.jpg'><img loading=\"lazy\" decoding=\"async\" width=\"150\" height=\"150\" src=\"https:\/\/www.zentrum.hu\/wp-content\/uploads\/Adrienn_Bierbaum-150x150.jpg\" class=\"attachment-thumbnail size-thumbnail\" alt=\"\" \/><\/a>\n\t\t\t<\/div><\/figure><figure class='gallery-item'>\n\t\t\t<div class='gallery-icon landscape'>\n\t\t\t\t<a href='https:\/\/www.zentrum.hu\/wp-content\/uploads\/Viktoria_Nagy.jpg'><img loading=\"lazy\" decoding=\"async\" width=\"150\" height=\"150\" src=\"https:\/\/www.zentrum.hu\/wp-content\/uploads\/Viktoria_Nagy-150x150.jpg\" class=\"attachment-thumbnail size-thumbnail\" alt=\"\" \/><\/a>\n\t\t\t<\/div><\/figure><figure class='gallery-item'>\n\t\t\t<div class='gallery-icon landscape'>\n\t\t\t\t<a href='https:\/\/www.zentrum.hu\/wp-content\/uploads\/Mariann_Marko_Molnar.jpg'><img loading=\"lazy\" decoding=\"async\" width=\"150\" height=\"150\" src=\"https:\/\/www.zentrum.hu\/wp-content\/uploads\/Mariann_Marko_Molnar-150x150.jpg\" class=\"attachment-thumbnail size-thumbnail\" alt=\"\" \/><\/a>\n\t\t\t<\/div><\/figure><figure class='gallery-item'>\n\t\t\t<div class='gallery-icon landscape'>\n\t\t\t\t<a href='https:\/\/www.zentrum.hu\/wp-content\/uploads\/Olivia_Schubert2.jpg'><img loading=\"lazy\" decoding=\"async\" width=\"150\" height=\"150\" src=\"https:\/\/www.zentrum.hu\/wp-content\/uploads\/Olivia_Schubert2-150x150.jpg\" class=\"attachment-thumbnail size-thumbnail\" alt=\"\" \/><\/a>\n\t\t\t<\/div><\/figure><figure class='gallery-item'>\n\t\t\t<div class='gallery-icon landscape'>\n\t\t\t\t<a href='https:\/\/www.zentrum.hu\/wp-content\/uploads\/Monika_Barbara_Sax.jpg'><img loading=\"lazy\" decoding=\"async\" width=\"150\" height=\"150\" src=\"https:\/\/www.zentrum.hu\/wp-content\/uploads\/Monika_Barbara_Sax-150x150.jpg\" class=\"attachment-thumbnail size-thumbnail\" alt=\"\" \/><\/a>\n\t\t\t<\/div><\/figure><figure class='gallery-item'>\n\t\t\t<div class='gallery-icon landscape'>\n\t\t\t\t<a href='https:\/\/www.zentrum.hu\/wp-content\/uploads\/Szauter_Terezia.jpg'><img loading=\"lazy\" decoding=\"async\" width=\"150\" height=\"150\" src=\"https:\/\/www.zentrum.hu\/wp-content\/uploads\/Szauter_Terezia-150x150.jpg\" class=\"attachment-thumbnail size-thumbnail\" alt=\"\" \/><\/a>\n\t\t\t<\/div><\/figure><figure class='gallery-item'>\n\t\t\t<div class='gallery-icon landscape'>\n\t\t\t\t<a href='https:\/\/www.zentrum.hu\/wp-content\/uploads\/Hajnal_Patzelt.jpg'><img loading=\"lazy\" decoding=\"async\" width=\"150\" height=\"150\" src=\"https:\/\/www.zentrum.hu\/wp-content\/uploads\/Hajnal_Patzelt-150x150.jpg\" class=\"attachment-thumbnail size-thumbnail\" alt=\"\" \/><\/a>\n\t\t\t<\/div><\/figure><figure class='gallery-item'>\n\t\t\t<div class='gallery-icon landscape'>\n\t\t\t\t<a href='https:\/\/www.zentrum.hu\/wp-content\/uploads\/Johann_Schuth.jpg'><img loading=\"lazy\" decoding=\"async\" width=\"150\" height=\"150\" src=\"https:\/\/www.zentrum.hu\/wp-content\/uploads\/Johann_Schuth-150x150.jpg\" class=\"attachment-thumbnail size-thumbnail\" alt=\"\" \/><\/a>\n\t\t\t<\/div><\/figure><figure class='gallery-item'>\n\t\t\t<div class='gallery-icon landscape'>\n\t\t\t\t<a href='https:\/\/www.zentrum.hu\/wp-content\/uploads\/schneider_richard.jpg'><img loading=\"lazy\" decoding=\"async\" width=\"150\" height=\"150\" src=\"https:\/\/www.zentrum.hu\/wp-content\/uploads\/schneider_richard-150x150.jpg\" class=\"attachment-thumbnail size-thumbnail\" alt=\"\" \/><\/a>\n\t\t\t<\/div><\/figure><figure class='gallery-item'>\n\t\t\t<div class='gallery-icon landscape'>\n\t\t\t\t<a href='https:\/\/www.zentrum.hu\/wp-content\/uploads\/Adel_Gogos_Bakos.jpg'><img loading=\"lazy\" decoding=\"async\" width=\"150\" height=\"150\" src=\"https:\/\/www.zentrum.hu\/wp-content\/uploads\/Adel_Gogos_Bakos-150x150.jpg\" class=\"attachment-thumbnail size-thumbnail\" alt=\"\" \/><\/a>\n\t\t\t<\/div><\/figure><figure class='gallery-item'>\n\t\t\t<div class='gallery-icon landscape'>\n\t\t\t\t<a href='https:\/\/www.zentrum.hu\/wp-content\/uploads\/Schuteisz_Balazs.jpg'><img loading=\"lazy\" decoding=\"async\" width=\"150\" height=\"150\" src=\"https:\/\/www.zentrum.hu\/wp-content\/uploads\/Schuteisz_Balazs-150x150.jpg\" class=\"attachment-thumbnail size-thumbnail\" alt=\"\" \/><\/a>\n\t\t\t<\/div><\/figure><figure class='gallery-item'>\n\t\t\t<div class='gallery-icon landscape'>\n\t\t\t\t<a href='https:\/\/www.zentrum.hu\/wp-content\/uploads\/Tazer_Marianna.jpg'><img loading=\"lazy\" decoding=\"async\" width=\"150\" height=\"150\" src=\"https:\/\/www.zentrum.hu\/wp-content\/uploads\/Tazer_Marianna-150x150.jpg\" class=\"attachment-thumbnail size-thumbnail\" alt=\"\" \/><\/a>\n\t\t\t<\/div><\/figure><figure class='gallery-item'>\n\t\t\t<div class='gallery-icon landscape'>\n\t\t\t\t<a href='https:\/\/www.zentrum.hu\/wp-content\/uploads\/Hedvig_Heffner.jpg'><img loading=\"lazy\" decoding=\"async\" width=\"150\" height=\"150\" src=\"https:\/\/www.zentrum.hu\/wp-content\/uploads\/Hedvig_Heffner-150x150.jpg\" class=\"attachment-thumbnail size-thumbnail\" alt=\"\" \/><\/a>\n\t\t\t<\/div><\/figure><figure class='gallery-item'>\n\t\t\t<div class='gallery-icon landscape'>\n\t\t\t\t<a href='https:\/\/www.zentrum.hu\/wp-content\/uploads\/Krisztina_Kemeny_Gombkoto.jpg'><img loading=\"lazy\" decoding=\"async\" width=\"150\" height=\"150\" src=\"https:\/\/www.zentrum.hu\/wp-content\/uploads\/Krisztina_Kemeny_Gombkoto-150x150.jpg\" class=\"attachment-thumbnail size-thumbnail\" alt=\"\" \/><\/a>\n\t\t\t<\/div><\/figure><figure class='gallery-item'>\n\t\t\t<div class='gallery-icon landscape'>\n\t\t\t\t<a href='https:\/\/www.zentrum.hu\/wp-content\/uploads\/Bechli-Erzsebet.jpg'><img loading=\"lazy\" decoding=\"async\" width=\"150\" height=\"150\" src=\"https:\/\/www.zentrum.hu\/wp-content\/uploads\/Bechli-Erzsebet-150x150.jpg\" class=\"attachment-thumbnail size-thumbnail\" alt=\"\" \/><\/a>\n\t\t\t<\/div><\/figure><figure class='gallery-item'>\n\t\t\t<div class='gallery-icon landscape'>\n\t\t\t\t<a href='https:\/\/www.zentrum.hu\/wp-content\/uploads\/Oliver_Bittner.jpg'><img loading=\"lazy\" decoding=\"async\" width=\"150\" height=\"150\" src=\"https:\/\/www.zentrum.hu\/wp-content\/uploads\/Oliver_Bittner-150x150.jpg\" class=\"attachment-thumbnail size-thumbnail\" alt=\"\" \/><\/a>\n\t\t\t<\/div><\/figure><figure class='gallery-item'>\n\t\t\t<div class='gallery-icon landscape'>\n\t\t\t\t<a href='https:\/\/www.zentrum.hu\/wp-content\/uploads\/gabor_werner.jpg'><img loading=\"lazy\" decoding=\"async\" width=\"150\" height=\"150\" src=\"https:\/\/www.zentrum.hu\/wp-content\/uploads\/gabor_werner-150x150.jpg\" class=\"attachment-thumbnail size-thumbnail\" alt=\"\" \/><\/a>\n\t\t\t<\/div><\/figure><figure class='gallery-item'>\n\t\t\t<div class='gallery-icon landscape'>\n\t\t\t\t<a href='https:\/\/www.zentrum.hu\/wp-content\/uploads\/Julia_Ludvig_Mirk.jpg'><img loading=\"lazy\" decoding=\"async\" width=\"150\" height=\"150\" src=\"https:\/\/www.zentrum.hu\/wp-content\/uploads\/Julia_Ludvig_Mirk-150x150.jpg\" class=\"attachment-thumbnail size-thumbnail\" alt=\"\" \/><\/a>\n\t\t\t<\/div><\/figure><figure class='gallery-item'>\n\t\t\t<div class='gallery-icon landscape'>\n\t\t\t\t<a href='https:\/\/www.zentrum.hu\/wp-content\/uploads\/Helmut_Heil.jpg'><img loading=\"lazy\" decoding=\"async\" width=\"150\" height=\"150\" src=\"https:\/\/www.zentrum.hu\/wp-content\/uploads\/Helmut_Heil-150x150.jpg\" class=\"attachment-thumbnail size-thumbnail\" alt=\"\" \/><\/a>\n\t\t\t<\/div><\/figure><figure class='gallery-item'>\n\t\t\t<div class='gallery-icon landscape'>\n\t\t\t\t<a href='https:\/\/www.zentrum.hu\/wp-content\/uploads\/Erika_Rierpl.jpg'><img loading=\"lazy\" decoding=\"async\" width=\"150\" height=\"150\" src=\"https:\/\/www.zentrum.hu\/wp-content\/uploads\/Erika_Rierpl-150x150.jpg\" class=\"attachment-thumbnail size-thumbnail\" alt=\"\" \/><\/a>\n\t\t\t<\/div><\/figure><figure class='gallery-item'>\n\t\t\t<div class='gallery-icon landscape'>\n\t\t\t\t<a href='https:\/\/www.zentrum.hu\/wp-content\/uploads\/Dr_Markus_Bea.jpg'><img loading=\"lazy\" decoding=\"async\" width=\"150\" height=\"150\" src=\"https:\/\/www.zentrum.hu\/wp-content\/uploads\/Dr_Markus_Bea-150x150.jpg\" class=\"attachment-thumbnail size-thumbnail\" alt=\"\" \/><\/a>\n\t\t\t<\/div><\/figure><figure class='gallery-item'>\n\t\t\t<div class='gallery-icon landscape'>\n\t\t\t\t<a href='https:\/\/www.zentrum.hu\/wp-content\/uploads\/Richolm_Erik.jpg'><img loading=\"lazy\" decoding=\"async\" width=\"150\" height=\"150\" src=\"https:\/\/www.zentrum.hu\/wp-content\/uploads\/Richolm_Erik-150x150.jpg\" class=\"attachment-thumbnail size-thumbnail\" alt=\"\" \/><\/a>\n\t\t\t<\/div><\/figure><figure class='gallery-item'>\n\t\t\t<div class='gallery-icon landscape'>\n\t\t\t\t<a href='https:\/\/www.zentrum.hu\/wp-content\/uploads\/Katalin_Berek.jpg'><img loading=\"lazy\" decoding=\"async\" width=\"150\" height=\"150\" src=\"https:\/\/www.zentrum.hu\/wp-content\/uploads\/Katalin_Berek-150x150.jpg\" class=\"attachment-thumbnail size-thumbnail\" alt=\"\" \/><\/a>\n\t\t\t<\/div><\/figure><figure class='gallery-item'>\n\t\t\t<div class='gallery-icon landscape'>\n\t\t\t\t<a href='https:\/\/www.zentrum.hu\/wp-content\/uploads\/Martin_Surman_Majeczki1.jpg'><img loading=\"lazy\" decoding=\"async\" width=\"150\" height=\"150\" src=\"https:\/\/www.zentrum.hu\/wp-content\/uploads\/Martin_Surman_Majeczki1-150x150.jpg\" class=\"attachment-thumbnail size-thumbnail\" alt=\"\" \/><\/a>\n\t\t\t<\/div><\/figure><figure class='gallery-item'>\n\t\t\t<div class='gallery-icon landscape'>\n\t\t\t\t<a href='https:\/\/www.zentrum.hu\/wp-content\/uploads\/Zoltan-Szalonna.jpg'><img loading=\"lazy\" decoding=\"async\" width=\"150\" height=\"150\" src=\"https:\/\/www.zentrum.hu\/wp-content\/uploads\/Zoltan-Szalonna-150x150.jpg\" class=\"attachment-thumbnail size-thumbnail\" alt=\"\" \/><\/a>\n\t\t\t<\/div><\/figure><figure class='gallery-item'>\n\t\t\t<div class='gallery-icon landscape'>\n\t\t\t\t<a href='https:\/\/www.zentrum.hu\/wp-content\/uploads\/Golcz_Mira.jpg'><img loading=\"lazy\" decoding=\"async\" width=\"150\" height=\"150\" src=\"https:\/\/www.zentrum.hu\/wp-content\/uploads\/Golcz_Mira-150x150.jpg\" class=\"attachment-thumbnail size-thumbnail\" alt=\"\" \/><\/a>\n\t\t\t<\/div><\/figure><figure class='gallery-item'>\n\t\t\t<div class='gallery-icon landscape'>\n\t\t\t\t<a href='https:\/\/www.zentrum.hu\/wp-content\/uploads\/Janos_Flodung.jpg'><img loading=\"lazy\" decoding=\"async\" width=\"150\" height=\"150\" src=\"https:\/\/www.zentrum.hu\/wp-content\/uploads\/Janos_Flodung-150x150.jpg\" class=\"attachment-thumbnail size-thumbnail\" alt=\"\" \/><\/a>\n\t\t\t<\/div><\/figure><figure class='gallery-item'>\n\t\t\t<div class='gallery-icon landscape'>\n\t\t\t\t<a href='https:\/\/www.zentrum.hu\/wp-content\/uploads\/Terezia_Roza_Surman.jpg'><img loading=\"lazy\" decoding=\"async\" width=\"150\" height=\"150\" src=\"https:\/\/www.zentrum.hu\/wp-content\/uploads\/Terezia_Roza_Surman-150x150.jpg\" class=\"attachment-thumbnail size-thumbnail\" alt=\"\" \/><\/a>\n\t\t\t<\/div><\/figure><figure class='gallery-item'>\n\t\t\t<div class='gallery-icon landscape'>\n\t\t\t\t<a href='https:\/\/www.zentrum.hu\/wp-content\/uploads\/Kinga_Gaspar.jpg'><img loading=\"lazy\" decoding=\"async\" width=\"150\" height=\"150\" src=\"https:\/\/www.zentrum.hu\/wp-content\/uploads\/Kinga_Gaspar-150x150.jpg\" class=\"attachment-thumbnail size-thumbnail\" alt=\"\" \/><\/a>\n\t\t\t<\/div><\/figure><figure class='gallery-item'>\n\t\t\t<div class='gallery-icon portrait'>\n\t\t\t\t<a href='https:\/\/www.zentrum.hu\/wp-content\/uploads\/v\u00e1laszt\u00e1s_2019_de_kicsi_rgb.jpg'><img loading=\"lazy\" decoding=\"async\" width=\"150\" height=\"150\" src=\"https:\/\/www.zentrum.hu\/wp-content\/uploads\/v\u00e1laszt\u00e1s_2019_de_kicsi_rgb-150x150.jpg\" class=\"attachment-thumbnail size-thumbnail\" alt=\"\" \/><\/a>\n\t\t\t<\/div><\/figure>\n\t\t<\/div>\n<br \/>\n<\/em><\/p>\n<h6 style=\"text-align: center;\">***<\/h6>\n<p><span style=\"text-decoration: underline;\"><a href=\"https:\/\/drive.google.com\/open?id=173oXVWq2fPZ255OZpQ76eYa17PwV1L--\" target=\"_blank\">Informationen \u00fcber die Wahl der Nationalit\u00e4tenselbstverwaltungen 2019 &gt;&gt;&gt;<\/a><\/span><\/p>\n<p><span style=\"text-decoration: underline;\"><a href=\"https:\/\/drive.google.com\/open?id=1VbYewMqKnsljf_jIXtxGP0VjXoq_J8Jx\" target=\"_blank\">Allgemeine Informationen zu den Wahlen &gt;&gt;&gt;<\/a><\/span><\/p>\n<p><span style=\"text-decoration: underline;\"><a title=\"\u00dcber die Stimmabgabe bei den Wahlen der Deutschen Nationalit\u00e4tenselbstverwaltungen 2019\" href=\"http:\/\/www.zentrum.hu\/de\/2019\/09\/uber-die-stimmabgabe-bei-den-wahlen-der-deutschen-nationalitatenselbstverwaltungen-2019\/\" target=\"_blank\">\u00dcber die Stimmabgabe bei den Wahlen der Deutschen Nationalit\u00e4tenselbstverwaltungen 2019 &gt;&gt;&gt;<\/a><\/span><\/p>\n<p><span style=\"text-decoration: underline;\"><a href=\"https:\/\/drive.google.com\/open?id=1VbYewMqKnsljf_jIXtxGP0VjXoq_J8Jx\" target=\"_blank\">Die Kandidaten der einheitlichen ungarndeutschen Landesliste &gt;&gt;&gt;<\/a><\/span><\/p>\n<p style=\"text-align: center;\"><a href=\"https:\/\/drive.google.com\/open?id=1VbYewMqKnsljf_jIXtxGP0VjXoq_J8Jx\"><img loading=\"lazy\" decoding=\"async\" class=\" wp-image-50066 aligncenter\" alt=\"Wahl2019_Flyer\" src=\"http:\/\/www.zentrum.hu\/wp-content\/uploads\/Wahl2019_Flyer-352x500.jpg\" width=\"211\" height=\"300\" srcset=\"https:\/\/www.zentrum.hu\/wp-content\/uploads\/Wahl2019_Flyer-352x500.jpg 352w, https:\/\/www.zentrum.hu\/wp-content\/uploads\/Wahl2019_Flyer.jpg 704w\" sizes=\"auto, (max-width: 211px) 100vw, 211px\" \/><\/a><\/p>\n<p><em> Die Landesselbstverwaltung stellt alle, zur Wahlkampagne 2019 angefertigten Plakatvorlagen kostenfrei zur Verf\u00fcgung.<\/em><br \/>\n<em> Die Deutschen Nationalit\u00e4tenselbstverwaltungen werden gebeten, alle \u00f6ffentlichen Mitteilungen bez\u00fcglich der Wahlen mit den einheitlichen Logos aus der Datenbank zu versehen.<br \/>\n<\/em><a href=\"https:\/\/drive.google.com\/open?id=1VKUyNKkb6Ge8Kjv1YoTzYqNmilUS_TcN\" target=\"_blank\"><span style=\"text-decoration: underline;\">Kostenlose Plakatvorlagen f\u00fcr die Wahlen &gt;&gt;&gt;<\/span><\/a><em><br \/>\n<\/em><\/p>\n","protected":false},"excerpt":{"rendered":"<p>\u201eInterne Diskussionen, verschiedene Meinungen, aber Einigkeit im Handeln sollten uns kennzeichnen\u201c\u00a0 Wahlen der deutschen Nationalit\u00e4tenselbstverwaltungen verliefen problemlos \u201eUngarndeutsch. Steh dazu!\u201c war das Motto der Wahlkampagne f\u00fcr die Wahl der deutschen Nationalit\u00e4tenselbstverwaltungen 2019 \u2013 und diesem Aufruf der Landesselbstverwaltung der Ungarndeutschen sind viele unserer Landsleute gefolgt. Am 13. Oktober haben insgesamt beinahe 55.000 Wahlberechtigte in 406 [&hellip;]<\/p>\n","protected":false},"author":1,"featured_media":0,"parent":0,"menu_order":0,"comment_status":"closed","ping_status":"open","template":"collection-page.php","meta":{"_seopress_robots_primary_cat":"","_seopress_titles_title":"","_seopress_titles_desc":"","_seopress_robots_index":"","ngg_post_thumbnail":0,"footnotes":""},"class_list":["post-48399","page","type-page","status-publish"],"amp_enabled":false,"_links":{"self":[{"href":"https:\/\/www.zentrum.hu\/de\/wp-json\/wp\/v2\/pages\/48399","targetHints":{"allow":["GET"]}}],"collection":[{"href":"https:\/\/www.zentrum.hu\/de\/wp-json\/wp\/v2\/pages"}],"about":[{"href":"https:\/\/www.zentrum.hu\/de\/wp-json\/wp\/v2\/types\/page"}],"author":[{"embeddable":true,"href":"https:\/\/www.zentrum.hu\/de\/wp-json\/wp\/v2\/users\/1"}],"replies":[{"embeddable":true,"href":"https:\/\/www.zentrum.hu\/de\/wp-json\/wp\/v2\/comments?post=48399"}],"version-history":[{"count":81,"href":"https:\/\/www.zentrum.hu\/de\/wp-json\/wp\/v2\/pages\/48399\/revisions"}],"predecessor-version":[{"id":50666,"href":"https:\/\/www.zentrum.hu\/de\/wp-json\/wp\/v2\/pages\/48399\/revisions\/50666"}],"wp:attachment":[{"href":"https:\/\/www.zentrum.hu\/de\/wp-json\/wp\/v2\/media?parent=48399"}],"curies":[{"name":"wp","href":"https:\/\/api.w.org\/{rel}","templated":true}]}}