{"id":55186,"date":"2020-07-03T10:34:05","date_gmt":"2020-07-03T08:34:05","guid":{"rendered":"http:\/\/www.zentrum.hu\/?page_id=55186"},"modified":"2025-07-14T09:14:12","modified_gmt":"2025-07-14T07:14:12","slug":"donauschwaben-weltweit","status":"publish","type":"page","link":"https:\/\/www.zentrum.hu\/de\/donauschwaben-weltweit\/","title":{"rendered":"Donauschwaben-Weltweit"},"content":{"rendered":"<p style=\"text-align: center;\"><img loading=\"lazy\" decoding=\"async\" class=\" wp-image-42658 aligncenter\" src=\"http:\/\/www.zentrum.hu\/wp-content\/uploads\/Donauschwaben_logo_gross_bearbeitet1-462x500.jpg\" alt=\"Donauschwaben_logo_gross_bearbeitet\" width=\"166\" height=\"180\" srcset=\"https:\/\/www.zentrum.hu\/wp-content\/uploads\/Donauschwaben_logo_gross_bearbeitet1-462x500.jpg 462w, https:\/\/www.zentrum.hu\/wp-content\/uploads\/Donauschwaben_logo_gross_bearbeitet1.jpg 924w\" sizes=\"auto, (max-width: 166px) 100vw, 166px\" \/><\/p>\n<p style=\"text-align: justify;\"><em>Donauschwaben-Weltweit<\/em>\u00a0ist das Informationsblatt\u00a0des Weltdachverbandes der Donauschwaben. In diesem Blatt wird \u00fcber die T\u00e4tigkeit des Weltdachverbandes sowie der verschiedenen deutschen Volksgruppen bzw. \u00fcber ihre Kulturarbeit und Geschichte berichtet, aber werden auch Informationen aus den verschiedenen Regionen der Welt, in denen Donauschwaben leben, ver\u00f6ffentlicht.<\/p>\n<h2>2025<\/h2>\n<p><a href=\"https:\/\/drive.google.com\/file\/d\/1Eo-22DEPC-oZ8bwWWR2_sXtam_NMokzw\/view?usp=sharing\" target=\"_blank\" rel=\"noopener\">Heft 8 &gt;&gt;&gt;<\/a><\/p>\n<p><a href=\"https:\/\/drive.google.com\/file\/d\/1yQoQnHFdwRNChYKOVqnKIsj4Cc22LLLb\/view?usp=sharing\" target=\"_blank\" rel=\"noopener\">Heft 7 &gt;&gt;&gt;<\/a><\/p>\n<p><a href=\"https:\/\/drive.google.com\/file\/d\/1V31HplJFiNSisiSTYxckMmBMBtgeS57X\/view?usp=sharing\" target=\"_blank\" rel=\"noopener\">Heft 6 &gt;&gt;&gt;<\/a><\/p>\n<p><a href=\"https:\/\/drive.google.com\/file\/d\/1XX8pOryYCKKUhSIFiRPEzMUi1yd7BqNw\/view?usp=sharing\" target=\"_blank\" rel=\"noopener\">Sonderausgabe &#8211; Zur Erinnerung an Georg und Nikolaus Manninger &gt;&gt;&gt;<\/a><\/p>\n<p><a href=\"https:\/\/drive.google.com\/file\/d\/1Qqlj5wm4ckaz3k49rFSeYPUIGc954eFJ\/view?usp=sharing\" target=\"_blank\" rel=\"noopener\">Heft 5 &gt;&gt;&gt;<\/a><\/p>\n<p><a href=\"https:\/\/drive.google.com\/file\/d\/1MhBXYZjqIo5s4ekeJYMu-0BeBJL85bgN\/view?usp=sharing\" target=\"_blank\" rel=\"noopener\">Heft 4 &gt;&gt;&gt;<\/a><\/p>\n<p><a href=\"https:\/\/drive.google.com\/file\/d\/1jVthCc1wddIgJ3DoX9BGmtBXiNaxflIi\/view?usp=sharing\" target=\"_blank\" rel=\"noopener\">Heft 3 &gt;&gt;&gt;<\/a><\/p>\n<p><a href=\"https:\/\/drive.google.com\/file\/d\/1LyycGQcvXX_hVBk903FjQ_JnZmiWahvi\/view?usp=sharing\" target=\"_blank\" rel=\"noopener\">Heft 2 &gt;&gt;&gt;<\/a><\/p>\n<p><a href=\"https:\/\/drive.google.com\/file\/d\/15VGmFkkTGBuPgwg2vNHVIvDH1QFYyE9z\/view?usp=sharing\" target=\"_blank\" rel=\"noopener\">Heft 1 &gt;&gt;&gt;<\/a><\/p>\n<h2>2024<\/h2>\n<p><a href=\"https:\/\/drive.google.com\/file\/d\/1f-NNYu1VYaGzRCONM3MEkLt_BZy9yqgd\/view?usp=sharing\" target=\"_blank\" rel=\"noopener\">Heft 12 &gt;&gt;&gt;<\/a><\/p>\n<p><a href=\"https:\/\/drive.google.com\/file\/d\/15ZmgY2b7nl4sKa2tTX2ctgH92KQ_NEaJ\/view?usp=sharing\" target=\"_blank\" rel=\"noopener\">Heft 11 &gt;&gt;&gt;<\/a><\/p>\n<p><a href=\"https:\/\/drive.google.com\/file\/d\/1vu3pMgetXBeSeZmBPW-tqj_naMZ956cA\/view?usp=sharing\" target=\"_blank\" rel=\"noopener\">Heft 10 &gt;&gt;&gt;<\/a><\/p>\n<p><a href=\"https:\/\/drive.google.com\/file\/d\/1r8SiGE_WDIsLQmViKohMNmPYuyzvaWyi\/view?usp=sharing\" target=\"_blank\" rel=\"noopener\">Heft 9 &gt;&gt;&gt;<\/a><\/p>\n<p><a href=\"https:\/\/drive.google.com\/file\/d\/1m65s3-zsNoDf4fVDGeThmCtJCXDvt6g-\/view?usp=sharing\" target=\"_blank\" rel=\"noopener\">Heft 8 &gt;&gt;&gt;<\/a><\/p>\n<p><a href=\"https:\/\/drive.google.com\/file\/d\/1bw6TLyEa4mqQ5KCZmRPobJrs1n_9Tx7k\/view?usp=sharing\" target=\"_blank\" rel=\"noopener\">Heft 7 &gt;&gt;&gt;<\/a><\/p>\n<p><a href=\"https:\/\/drive.google.com\/file\/d\/13jzaL_vzM0XQOGm8POj7vRTW_xzcKemR\/view?usp=sharing\" target=\"_blank\" rel=\"noopener\">Heft 6 &gt;&gt;&gt;<\/a><\/p>\n<p><a href=\"https:\/\/drive.google.com\/file\/d\/1Fq75zofmda7ZUYnARS5WT_P4q_rvYPYd\/view?usp=sharing\" target=\"_blank\" rel=\"noopener\">Heft 5 &gt;&gt;&gt;<\/a><\/p>\n<p><a href=\"https:\/\/drive.google.com\/file\/d\/1nfr3-YvuPxBaB-tQfheboVSf7r0tJRQL\/view?usp=sharing\" target=\"_blank\" rel=\"noopener\">Heft 4 &gt;&gt;&gt;<\/a><\/p>\n<p><a href=\"https:\/\/drive.google.com\/file\/d\/18FRxU0ZD1EJshZ6X_jkoE7cMhh86BBLL\/view?usp=sharing\" target=\"_blank\" rel=\"noopener\">Heft 3 &gt;&gt;&gt;<\/a><\/p>\n<p><a href=\"https:\/\/drive.google.com\/file\/d\/14Dh1bykYLYYO0rrFELzz2LlYmTdJp_yt\/view?usp=sharing\" target=\"_blank\" rel=\"noopener\">Heft 2 &gt;&gt;&gt;<\/a><\/p>\n<p><a href=\"https:\/\/drive.google.com\/file\/d\/1n-GmmimfoPoGc6hj_yMbqKIL9dc2p_Qz\/view?usp=sharing\" target=\"_blank\" rel=\"noopener\">Heft 1 &gt;&gt;&gt;<\/a><\/p>\n<h2>2023<\/h2>\n<p><a href=\"https:\/\/drive.google.com\/file\/d\/1MMTyXnN5J1rjl-kf9Alrbn1MHgCfrobn\/view?usp=sharing\" target=\"_blank\" rel=\"noopener\">Heft 12&gt;&gt;&gt;<\/a><\/p>\n<p><a href=\"https:\/\/drive.google.com\/file\/d\/1XcBHACrC-VZEFgH-Z5uvw2vBXP-NJN_3\/view?usp=sharing\" target=\"_blank\" rel=\"noopener\">Heft 11 &gt;&gt;&gt;<\/a><\/p>\n<p><a href=\"https:\/\/drive.google.com\/file\/d\/1voqz-fsNz-zjpI_7FV0_GWehx2kyYluM\/view?usp=sharing\" target=\"_blank\" rel=\"noopener\">Heft 10 &gt;&gt;&gt;<\/a><\/p>\n<p><a href=\"https:\/\/drive.google.com\/file\/d\/1Pb6KhIbed6MrFkLZzvUNgcfVFje8V8YG\/view?usp=sharing\" target=\"_blank\" rel=\"noopener\">Heft 9 &gt;&gt;&gt;<\/a><\/p>\n<p><a href=\"https:\/\/drive.google.com\/file\/d\/1Rmvn0BNzEe6AVPEZrbqo2ADXj_3LepnE\/view?usp=sharing\" target=\"_blank\" rel=\"noopener\">Heft 8 &gt;&gt;&gt;<\/a><\/p>\n<p><a href=\"https:\/\/drive.google.com\/file\/d\/1ZYr90EvZU3g6CbLFW0fq7_ecoLdvC8de\/view?usp=sharing\" target=\"_blank\" rel=\"noopener\">Heft 7 &gt;&gt;&gt;<\/a><\/p>\n<p><a href=\"https:\/\/drive.google.com\/file\/d\/17L6HO7jux41daEuZTd5p9JeYTIqYaNtu\/view?usp=share_link\" target=\"_blank\" rel=\"noopener\">Heft 6 &gt;&gt;&gt;<\/a><\/p>\n<p><a href=\"https:\/\/drive.google.com\/file\/d\/1jw6Zt1MT87Phou6kyNVDnNP-C22UCTMY\/view?usp=share_link\" target=\"_blank\" rel=\"noopener\">Heft 5 &gt;&gt;&gt;<\/a><\/p>\n<p><a href=\"https:\/\/drive.google.com\/file\/d\/1mv16jd7cz3f0d1Y7F79nQUg9ktNceHbv\/view?usp=share_link\" target=\"_blank\" rel=\"noopener\">Heft 4 &gt;&gt;&gt;<\/a><\/p>\n<p><a href=\"https:\/\/drive.google.com\/file\/d\/1Hh6gbx_k-7xUEPCJAK-ZELJuvSMnwC1G\/view?usp=share_link\" target=\"_blank\" rel=\"noopener\">Heft 3 &gt;&gt;&gt;<\/a><\/p>\n<p><a href=\"https:\/\/drive.google.com\/file\/d\/151pas2pIL2Ud5NEmSsEAOrTaL_SgTFen\/view?usp=share_link\" target=\"_blank\" rel=\"noopener\">Heft 2 &gt;&gt;&gt;<\/a><\/p>\n<p><a href=\"https:\/\/drive.google.com\/file\/d\/1Jg3HxpkDiUmJ5aL6LsVg-2OsFlXhofnd\/view?usp=share_link\" target=\"_blank\" rel=\"noopener\">Heft 1 &gt;&gt;&gt;<\/a><\/p>\n<h2>2022<\/h2>\n<p><a href=\"https:\/\/drive.google.com\/file\/d\/1Rc-4dYTVZYzmpVgdhGOdbTnCIkep9R75\/view?usp=share_link\" target=\"_blank\" rel=\"noopener\">Heft 12 &gt;&gt;&gt;<\/a><\/p>\n<p><a href=\"https:\/\/drive.google.com\/file\/d\/1IzORz6ioaj9v-nh8s2nhYz_hzmwT-81f\/view?usp=sharing\" target=\"_blank\" rel=\"noopener\">Heft 11 &gt;&gt;&gt;<\/a><\/p>\n<p><a href=\"https:\/\/drive.google.com\/file\/d\/1di-FwYqBOwPUO4cMsfxOVKzv5NBCHzxQ\/view?usp=sharing\" target=\"_blank\" rel=\"noopener\">Heft 10 &gt;&gt;&gt;<\/a><\/p>\n<p><a href=\"https:\/\/drive.google.com\/file\/d\/1x3sSG8CW7XntdTM9TqTf0klZwPiWwhhW\/view?usp=sharing\" target=\"_blank\" rel=\"noopener\">Sonderausgabe &#8211; 25 Jahre Landesrat &gt;&gt;&gt;<\/a><\/p>\n<p><a href=\"https:\/\/drive.google.com\/file\/d\/1m59s-ph3N8MIDas8OpL6YefFX0BHv1tn\/view?usp=sharing\" target=\"_blank\" rel=\"noopener\">Heft 9 &gt;&gt;&gt;<\/a><\/p>\n<p><a href=\"https:\/\/drive.google.com\/file\/d\/1G_gavB79WV2VV_xu0YLomtZ-2FZk2Ck0\/view?usp=sharing\" target=\"_blank\" rel=\"noopener\">Heft 8 &gt;&gt;&gt;<\/a><\/p>\n<p><a href=\"https:\/\/drive.google.com\/file\/d\/1oh2q7Xxw0hVbUDGMn8ONPLIjOJeHFE63\/view?usp=sharing\" target=\"_blank\" rel=\"noopener\">Heft 7 &gt;&gt;&gt;<\/a><\/p>\n<p><a href=\"https:\/\/drive.google.com\/file\/d\/1-Aa7_0f0130uujnM66wdKezm6kBDr7ZM\/view?usp=sharing\" target=\"_blank\" rel=\"noopener\">Heft 6 &gt;&gt;&gt;<\/a><\/p>\n<p><a href=\"https:\/\/drive.google.com\/file\/d\/1EHtGOi2DUUUdfOlf5BdH0mzBztOubpbD\/view?usp=sharing\" target=\"_blank\" rel=\"noopener\">Heft 5 &gt;&gt;&gt;<\/a><\/p>\n<p><a href=\"https:\/\/drive.google.com\/file\/d\/1SJzFdQ_58JB1r_lGXL4tnF8cnyH441jy\/view?usp=sharing\" target=\"_blank\" rel=\"noopener\">Heft 4 &gt;&gt;&gt;<\/a><\/p>\n<p><a href=\"https:\/\/drive.google.com\/file\/d\/13r6yT2ko_TCoT82vAiAg_u_45MxvjyJg\/view?usp=sharing\" target=\"_blank\" rel=\"noopener\">Heft 3 &gt;&gt;&gt;<\/a><\/p>\n<p><a href=\"https:\/\/drive.google.com\/file\/d\/1QAmc8bSQr0MlQs9b53ue5RSBGQ5vQIi1\/view?usp=sharing\" target=\"_blank\" rel=\"noopener\">Heft 2 &gt;&gt;&gt;<\/a><\/p>\n<p><a href=\"https:\/\/drive.google.com\/file\/d\/1SK7nFZgMvPvHYit7Fi1P6qJPJzbbycfV\/view?usp=sharing\" target=\"_blank\" rel=\"noopener\">Heft 1 &gt;&gt;&gt;<\/a><\/p>\n<h2>2021<\/h2>\n<p><a href=\"https:\/\/drive.google.com\/file\/d\/14LcPKEALPm3MLyWVcAfMfgiSd16yD1aV\/view?usp=sharing\" target=\"_blank\" rel=\"noopener\">Heft 12 &gt;&gt;&gt;<\/a><\/p>\n<p><a href=\"https:\/\/drive.google.com\/file\/d\/1ublwK_UFuXslKi_vqU8J5OIU-SbBXfvI\/view?usp=sharing\" target=\"_blank\" rel=\"noopener\">Heft 11 &gt;&gt;&gt;<\/a><\/p>\n<p><a href=\"https:\/\/drive.google.com\/file\/d\/1l2PYii2i1CW5VQ370HKwOBIPhlXgcofy\/view?usp=sharing\" target=\"_blank\" rel=\"noopener\">Heft 10 &gt;&gt;&gt;<\/a><\/p>\n<p><a href=\"https:\/\/drive.google.com\/file\/d\/1LbE9X4FI9EHuD6coiTlZGALrf5LjDTgQ\/view?usp=sharing\" target=\"_blank\" rel=\"noopener\">Heft 9 &gt;&gt;&gt;<\/a><\/p>\n<p><a href=\"https:\/\/drive.google.com\/file\/d\/1bREKbw5Hr97MxsZ3bg_mVfIaVIFv8JYG\/view?usp=sharing\" target=\"_blank\" rel=\"noopener\">Heft 8 &gt;&gt;&gt;<\/a><\/p>\n<p><a href=\"https:\/\/drive.google.com\/file\/d\/1RBac85l5ebq_QnmoKfj8sB6sh7eNy8j5\/view?usp=sharing\" target=\"_blank\" rel=\"noopener\">Heft 7 &gt;&gt;&gt;<\/a><\/p>\n<p><a href=\"https:\/\/drive.google.com\/file\/d\/1_NdHYEjkLDYEmDEPj_KBb9hwmg4IvpBs\/view?usp=sharing\" target=\"_blank\" rel=\"noopener\">Heft 6 &gt;&gt;&gt;<\/a><\/p>\n<p><a href=\"https:\/\/drive.google.com\/file\/d\/1ANWsZs3lmhjIBU0EVRKqHbfQMZA8fAfB\/view?usp=sharing\" target=\"_blank\" rel=\"noopener\">Heft 5 &gt;&gt;&gt;<\/a><\/p>\n<p><a href=\"https:\/\/drive.google.com\/file\/d\/1VDRUbeWB0kiQ_0KdMaMVTJgd68rxKc3B\/view?usp=sharing\" target=\"_blank\" rel=\"noopener\">Heft 4 &gt;&gt;&gt;<\/a><\/p>\n<p><a href=\"https:\/\/drive.google.com\/file\/d\/1_sdOuvzOqIPGrnsH8G9_31imP8jnJsWG\/view?usp=sharing\" target=\"_blank\" rel=\"noopener\">Heft 3 &gt;&gt;&gt;<\/a><\/p>\n<p><a href=\"https:\/\/drive.google.com\/file\/d\/1v7Mqn0F-rjARu6S__yvlhfqOXeJcOVp6\/view?usp=sharing\" target=\"_blank\" rel=\"noopener\">Heft 2 &gt;&gt;&gt;<\/a><\/p>\n<p><a href=\"https:\/\/donauschwaben-weltweit.org\/jahrgang-2021\/\" target=\"_blank\" rel=\"noopener\">Heft 1 &gt;&gt;&gt;<\/a><\/p>\n<h2>2020<\/h2>\n<p><a href=\"https:\/\/donauschwaben-weltweit.org\/wp-content\/uploads\/2020\/11\/wdv-ds-2020-10.pdf\" target=\"_blank\" rel=\"noopener\">Heft 10 &gt;&gt;&gt;<\/a><\/p>\n<p><a href=\"https:\/\/donauschwaben-weltweit.org\/wp-content\/uploads\/2020\/11\/wdv-ds-2020-09.pdf\" target=\"_blank\" rel=\"noopener\">Heft 9 &gt;&gt;&gt;<\/a><\/p>\n<p><a href=\"https:\/\/donauschwaben-weltweit.org\/wp-content\/uploads\/2020\/11\/wdv-ds-2020-08.pdf\" target=\"_blank\" rel=\"noopener\">Heft 8 &gt;&gt;&gt;<\/a><\/p>\n<p><a href=\"https:\/\/donauschwaben-weltweit.org\/wp-content\/uploads\/2020\/11\/wdv-ds-2020-07.pdf\" target=\"_blank\" rel=\"noopener\">Heft 7 &gt;&gt;&gt;<\/a><\/p>\n<p><a href=\"https:\/\/donauschwaben-weltweit.org\/wp-content\/uploads\/2020\/11\/wdv-ds-2020-06.pdf\" target=\"_blank\" rel=\"noopener\">Heft 6 &gt;&gt;&gt;<\/a><\/p>\n<p><a href=\"https:\/\/donauschwaben-weltweit.org\/wp-content\/uploads\/2020\/11\/wdv-ds-2020-05.pdf\" target=\"_blank\" rel=\"noopener\">Heft 5 &gt;&gt;&gt;<\/a><\/p>\n<p><a href=\"https:\/\/donauschwaben-weltweit.org\/wp-content\/uploads\/2020\/11\/wdv-ds-2020-04.pdf\" target=\"_blank\" rel=\"noopener\">Heft 4 &gt;&gt;&gt;<\/a><\/p>\n<p><a href=\"https:\/\/donauschwaben-weltweit.org\/wp-content\/uploads\/2020\/11\/wdv-ds-2020-03.pdf\" target=\"_blank\" rel=\"noopener\">Heft 3 &gt;&gt;&gt;<\/a><\/p>\n<p><a href=\"https:\/\/donauschwaben-weltweit.org\/wp-content\/uploads\/2020\/11\/wdv-ds-2020-02.pdf\" target=\"_blank\" rel=\"noopener\">Heft 2 &gt;&gt;&gt;<\/a><\/p>\n<p><a href=\"https:\/\/donauschwaben-weltweit.org\/wp-content\/uploads\/2020\/11\/wdv-ds-2020-01.pdf\" target=\"_blank\" rel=\"noopener\">Heft 1 &gt;&gt;&gt;<\/a><\/p>\n<h2>2019<\/h2>\n<p><a href=\"https:\/\/donauschwaben-weltweit.org\/wp-content\/uploads\/2020\/11\/wdv-ds-2019-S1.pdf\" target=\"_blank\" rel=\"noopener\">Sonderausgabe Herbst 2019 &gt;&gt;&gt;<\/a><\/p>\n","protected":false},"excerpt":{"rendered":"<p>Donauschwaben-Weltweit\u00a0ist das Informationsblatt\u00a0des Weltdachverbandes der Donauschwaben. In diesem Blatt wird \u00fcber die T\u00e4tigkeit des Weltdachverbandes sowie der verschiedenen deutschen Volksgruppen bzw. \u00fcber ihre Kulturarbeit und Geschichte berichtet, aber werden auch Informationen aus den verschiedenen Regionen der Welt, in denen Donauschwaben leben, ver\u00f6ffentlicht. 2025 Heft 8 &gt;&gt;&gt; Heft 7 &gt;&gt;&gt; Heft 6 &gt;&gt;&gt; Sonderausgabe &#8211; Zur [&hellip;]<\/p>\n","protected":false},"author":1,"featured_media":0,"parent":0,"menu_order":0,"comment_status":"closed","ping_status":"open","template":"","meta":{"_seopress_robots_primary_cat":"","_seopress_titles_title":"","_seopress_titles_desc":"","_seopress_robots_index":"","ngg_post_thumbnail":0,"footnotes":""},"class_list":["post-55186","page","type-page","status-publish"],"amp_enabled":true,"_links":{"self":[{"href":"https:\/\/www.zentrum.hu\/de\/wp-json\/wp\/v2\/pages\/55186","targetHints":{"allow":["GET"]}}],"collection":[{"href":"https:\/\/www.zentrum.hu\/de\/wp-json\/wp\/v2\/pages"}],"about":[{"href":"https:\/\/www.zentrum.hu\/de\/wp-json\/wp\/v2\/types\/page"}],"author":[{"embeddable":true,"href":"https:\/\/www.zentrum.hu\/de\/wp-json\/wp\/v2\/users\/1"}],"replies":[{"embeddable":true,"href":"https:\/\/www.zentrum.hu\/de\/wp-json\/wp\/v2\/comments?post=55186"}],"version-history":[{"count":81,"href":"https:\/\/www.zentrum.hu\/de\/wp-json\/wp\/v2\/pages\/55186\/revisions"}],"predecessor-version":[{"id":109626,"href":"https:\/\/www.zentrum.hu\/de\/wp-json\/wp\/v2\/pages\/55186\/revisions\/109626"}],"wp:attachment":[{"href":"https:\/\/www.zentrum.hu\/de\/wp-json\/wp\/v2\/media?parent=55186"}],"curies":[{"name":"wp","href":"https:\/\/api.w.org\/{rel}","templated":true}]}}