{"id":2625,"date":"2014-01-11T11:16:41","date_gmt":"2014-01-11T10:16:41","guid":{"rendered":"http:\/\/www.zentrum.hu\/?page_id=2625"},"modified":"2021-04-26T10:32:01","modified_gmt":"2021-04-26T08:32:01","slug":"landesratforum","status":"publish","type":"page","link":"https:\/\/www.zentrum.hu\/hu\/landesratforum\/","title":{"rendered":"LandesratForum"},"content":{"rendered":"<p>A Magyarorsz\u00e1gi N\u00e9met \u00c9nek-, Zene- \u00e9s T\u00e1nckarok Orsz\u00e1gos Tan\u00e1csa havilapja<\/p>\n<p style=\"text-align: center;\"><img loading=\"lazy\" decoding=\"async\" class=\" wp-image-36796 aligncenter\" alt=\"^9B0D63AD48AB24F9840FFF96841EB2C0FCA25F0B6A09ADDE7E^pimgpsh_fullsize_distr\" src=\"http:\/\/www.zentrum.hu\/wp-content\/uploads\/^9B0D63AD48AB24F9840FFF96841EB2C0FCA25F0B6A09ADDE7E^pimgpsh_fullsize_distr.jpg\" width=\"179\" height=\"179\" srcset=\"https:\/\/www.zentrum.hu\/wp-content\/uploads\/^9B0D63AD48AB24F9840FFF96841EB2C0FCA25F0B6A09ADDE7E^pimgpsh_fullsize_distr.jpg 320w, https:\/\/www.zentrum.hu\/wp-content\/uploads\/^9B0D63AD48AB24F9840FFF96841EB2C0FCA25F0B6A09ADDE7E^pimgpsh_fullsize_distr-150x150.jpg 150w\" sizes=\"auto, (max-width: 179px) 100vw, 179px\" \/><\/p>\n<h2>2019<\/h2>\n<p><a href=\"https:\/\/drive.google.com\/open?id=1iH4KvSAG5u8QRcQZJATZikQoUoKhSJAu\" target=\"_blank\">LandesratForum, 2019. december<\/a><br \/>\n<a href=\"https:\/\/drive.google.com\/open?id=1vBQxC6Z_UNC6BDgaVJElzrj53bIk9QFP\" target=\"_blank\">LandesratForum, 2019. november<\/a><br \/>\n<a href=\"https:\/\/drive.google.com\/open?id=1XEtrocd6b9oG2MpG96zhXoJUms-7LaBM\" target=\"_blank\">LandesratForum, 2019. okt\u00f3ber<\/a><br \/>\n<a href=\"https:\/\/drive.google.com\/open?id=1SXJKl0QvOnE8SXT31I3HQgyR6ocZ_Bgp\" target=\"_blank\">LandesratForum, 2019. szeptember<\/a><br \/>\n<a href=\"https:\/\/drive.google.com\/open?id=1d9Ci7ZR-b24PxqujqIuMy0TPrsbcreg_\" target=\"_blank\">LandesratForum, 2019. augusztus<\/a><br \/>\n<a href=\"https:\/\/drive.google.com\/open?id=1Yjb9nZFDfelw6nOu6NcTjsPq1eox-CNq\" target=\"_blank\">LandesratForum, 2019. j\u00falius<\/a><br \/>\n<a href=\"https:\/\/drive.google.com\/open?id=1oiOd9e7iYwy0p7b85-ZGfXKOVo7oiCoI\" target=\"_blank\">LandesratForum, 2019. j\u00fanius<\/a><br \/>\n<a href=\"https:\/\/drive.google.com\/open?id=1XArpL2W5jO_4dPVcU8Cswn9mhwFAxaMI\" target=\"_blank\">LandesratForum, 2019. m\u00e1jus<\/a><br \/>\n<a href=\"https:\/\/drive.google.com\/open?id=1OVRLTcDVo_UG8IsiSUyZ7U_ihG0n_LFH\" target=\"_blank\">LandesratForum, 2019. \u00e1prilis<\/a><br \/>\n<a href=\"https:\/\/drive.google.com\/open?id=1GSIdy3k6AGleeegrpdRZRzkR47SHhu2r\" target=\"_blank\">LandesratForum, 2019. m\u00e1rcius<\/a><br \/>\n<a href=\"https:\/\/drive.google.com\/open?id=1g-gR_TFdfzdxaO9qSSNVIK0Lp4leJRLW\" target=\"_blank\">LandesratForum, 2019. febru\u00e1r<\/a><br \/>\n<a href=\"https:\/\/drive.google.com\/open?id=182gpoxgY3mRLXnv7v1cExiv9oyTGNaGE\" target=\"_blank\">LandesratForum, 2019. janu\u00e1r<\/a><\/p>\n<h2>2018<\/h2>\n<p><a href=\"https:\/\/drive.google.com\/open?id=18vUnaC-mGFouSNwn0QcYT2kbUf-tFYj8\" target=\"_blank\">LandesratForum, 2018. december<\/a><br \/>\n<a href=\"https:\/\/drive.google.com\/open?id=10SZ3yM2p4s0mlI-nptmHDSvxk85viNbq\" target=\"_blank\">LandesratForum, 2018. november<\/a><br \/>\n<a href=\"https:\/\/drive.google.com\/open?id=1WSADnE1N_YHPFbU27hbDazP3N4XUXtyq\" target=\"_blank\">LandesratForum, 2018. okt\u00f3ber<\/a><br \/>\n<a href=\"https:\/\/drive.google.com\/open?id=1akkIOZ8XsKDNZn9nSqMjSZSJyCjT_El5\" target=\"_blank\">LandesratForum, 2018. szeptember<\/a><br \/>\n<a href=\"https:\/\/drive.google.com\/open?id=1DlZQgYyX1fnS5oijpnxpN89lVg-eOTUO\" target=\"_blank\">LandesratForum, 2018. augusztus<\/a><br \/>\n<a href=\"https:\/\/drive.google.com\/open?id=1v5kZ2R6PBN1-TWgygmqbhtwMlrruK3C4\" target=\"_blank\">LandesratForum, 2018. j\u00falius<\/a><br \/>\n<a href=\"https:\/\/drive.google.com\/open?id=1T8hlCnj9c2VoMLbG_8kMpnJx7RtcFjX7\" target=\"_blank\">LandesratForum, 2018. j\u00fanius<\/a><br \/>\n<a href=\"https:\/\/drive.google.com\/open?id=1KSYR7v7oCa3mA2ptUj3x4wdq9ao4kpha\" target=\"_blank\">LandesratForum, 2018. m\u00e1jus<\/a><br \/>\n<a href=\"https:\/\/drive.google.com\/open?id=1pH3luXmFjyzDByKqFq9KTJst5Y6UwSit\" target=\"_blank\">LandesratForum, 2018. \u00e1prilis<\/a><br \/>\n<a href=\"https:\/\/drive.google.com\/open?id=1_6dYbKsFAGsDvvQZXh7hf0AJxaFKo7vv\" target=\"_blank\">LandesratForum, 2018. m\u00e1rcius<\/a><br \/>\n<a href=\"https:\/\/drive.google.com\/open?id=1UR-k5Nq1eAjd4f588P_WwEpgxkhh5Q2o\" target=\"_blank\">LandesratForum, 2018. febru\u00e1r<\/a><br \/>\n<a href=\"https:\/\/drive.google.com\/open?id=1Y4gwJA1QcN99_tQ1S7_2XHGD41ACwRpv\" target=\"_blank\">LandesratForum, 2018. janu\u00e1r<\/a><\/p>\n<h2>2017<\/h2>\n<p><a href=\"https:\/\/drive.google.com\/open?id=1gSl7VU8rvpycQH3-YZ3excV9alpl5D7E\" target=\"_blank\">LandesratForum, 2017. december<\/a><br \/>\n<a href=\"https:\/\/drive.google.com\/open?id=0B-IJ3UjhxRCyeWhOTDVrRXhZR0k\" target=\"_blank\">LandesratForum, 2017. november<\/a><br \/>\n<a href=\"https:\/\/drive.google.com\/open?id=0B-IJ3UjhxRCyYzEyRTU5Y08yY2s\" target=\"_blank\">LandesratForum, 2017. okt\u00f3ber<\/a><br \/>\n<a href=\"https:\/\/drive.google.com\/open?id=0B-IJ3UjhxRCyU1NCb3Ixald2QXc\" target=\"_blank\">LandesratForum, 2017. szeptember<\/a><br \/>\n<a href=\"https:\/\/drive.google.com\/open?id=0B-IJ3UjhxRCyOE5XTms2QjdzOWs\" target=\"_blank\">LandesratForum, 2017. augusztus<\/a><br \/>\n<a href=\"https:\/\/drive.google.com\/open?id=0B-IJ3UjhxRCyWG84bW5Tcy1FZVk\" target=\"_blank\">LandesratForum, 2017. j\u00falius<\/a><br \/>\n<a href=\"https:\/\/drive.google.com\/open?id=0B-IJ3UjhxRCycHBwN05EdmliM1U\" target=\"_blank\">LandesratForum, 2017. j\u00fanius<\/a><br \/>\n<a href=\"https:\/\/drive.google.com\/open?id=0B-IJ3UjhxRCySlpnaXhXSlg0UDA\" target=\"_blank\">LandesratForum, 2017. m\u00e1jus<\/a><br \/>\n<a href=\"https:\/\/drive.google.com\/open?id=0B-IJ3UjhxRCyeXc1ZEZ5YldqOXc\" target=\"_blank\">LandesratForum, 2017. \u00e1prilis<\/a><br \/>\n<a href=\"https:\/\/drive.google.com\/open?id=0B-IJ3UjhxRCyY3RNN05kSS1WM0E\" target=\"_blank\">LandesratForum, 2017. m\u00e1rcius<\/a><br \/>\n<a href=\"https:\/\/drive.google.com\/open?id=0B-IJ3UjhxRCyYmRKemNsUEVCc3M\" target=\"_blank\">LandesratForum, 2017. febru\u00e1r<\/a><br \/>\n<a href=\"http:\/\/www.zentrum.hu\/wp-content\/uploads\/LandesratForum-2017-JANNUAR-EMAIL.pdf\" target=\"_blank\">LandesratForum, 2017. janu\u00e1r<\/a><\/p>\n<h2>2016<\/h2>\n<p><a href=\"https:\/\/drive.google.com\/open?id=10msP-ExD5UUoDJkWdsOYwMugP1EbLLGe\" target=\"_blank\">Weltdachverband der Donauschwaben &#8211; k\u00fcl\u00f6nsz\u00e1m, 2016 \u0151sz<\/a><br \/>\n<a href=\"https:\/\/drive.google.com\/open?id=179EYLGSpnontjqT0mC_DnrZ5EQRXmWYh\" target=\"_blank\">LandesratForum, 2016. december<\/a><br \/>\n<a href=\"https:\/\/drive.google.com\/open?id=1SWySr9sQs9aZEuXgAWfpHTj9Zpi7YGEj\" target=\"_blank\">LandesratForum, 2016. november<\/a><br \/>\n<a href=\"https:\/\/drive.google.com\/open?id=1BlPol6OL_I0pC3DSUUMriI-820ByBnmD\" target=\"_blank\">LandesratForum, 2016. okt\u00f3ber<\/a><br \/>\n<a href=\"https:\/\/drive.google.com\/open?id=1W8AjsioqmZAikshsd1ChMPidNIkN1LvE\" target=\"_blank\">LandesratForum, 2016. szeptember<\/a><br \/>\n<a href=\"https:\/\/drive.google.com\/open?id=1zsKMgDpiLeQxsPCxg-ltCbOgT8ScJKOc\" target=\"_blank\">LandesratForum, 2016. augusztus<\/a><br \/>\n<a href=\"https:\/\/drive.google.com\/open?id=1QgB-zTjxSbFsF8SQwNkMhTjH7Jhhs5qV\" target=\"_blank\">LandesratForum, 2016. j\u00falius<\/a><br \/>\n<a href=\"https:\/\/drive.google.com\/open?id=1DvtJOVHwOEjoEsxxcLnFy2uWiy2R38Ee\" target=\"_blank\">LandesratForum, 2016. j\u00fanius<\/a><br \/>\n<a href=\"https:\/\/drive.google.com\/open?id=1UDRwStNJd0hr6fCqnJbw6OyhpaCeTNvj\" target=\"_blank\">LandesratForum, 2016. m\u00e1jus<\/a><br \/>\n<a href=\"https:\/\/drive.google.com\/open?id=1vBm5xjSEN_PoTgMuxeOzhtUyVvSVYnWg\" target=\"_blank\">LandesratForum, 2016. \u00e1prilis<\/a><br \/>\n<a href=\"https:\/\/drive.google.com\/open?id=1JxJMiIFcsqvSIC1NR2v1Hj7EW8xp8zzT\" target=\"_blank\">LandesratForum, 2016. m\u00e1rcius<\/a><br \/>\n<a href=\"https:\/\/drive.google.com\/open?id=1P_kpEUa4OmHTgr6RqePABNXzXbnm8A8C\" target=\"_blank\">LandesratForum, 2016. febru\u00e1r<\/a><br \/>\n<a href=\"https:\/\/drive.google.com\/file\/d\/1DxLII-qhijBY0_qb6lMI5_7wkPGAi09K\/view?usp=sharing\" target=\"_blank\">LandesratForum, 2016. janu\u00e1r<\/a><\/p>\n<h2>2015<\/h2>\n<p><a href=\"https:\/\/drive.google.com\/open?id=15sXAZgdGX9aUcRn2wxKhtpLsrlGEddPO\" target=\"_blank\">LandesratForum, 2015. december<\/a><br \/>\n<a href=\"https:\/\/drive.google.com\/open?id=1dJ8PKJqE48X0qVMk3AzybZatmttnIm15\" target=\"_blank\">LandesratForum, 2015. november<\/a><br \/>\n<a href=\"https:\/\/drive.google.com\/open?id=1nuMMWEBeCIZQoG9OciFBujbKIHdC8IUy\" target=\"_blank\">LandesratForum, 2015. okt\u00f3ber<\/a><br \/>\n<a href=\"https:\/\/drive.google.com\/open?id=14557PpOTgIXDJXNw9ppxv34b9U1ypK_B\" target=\"_blank\">LandesratForum, 2015. szeptember<\/a><br \/>\n<a href=\"https:\/\/drive.google.com\/open?id=1tTXT_A5h6Utqomg_zSPzPUSm-O6yyU20\" target=\"_blank\">LandesratForum, 2015. augusztus<\/a><br \/>\n<a href=\"https:\/\/drive.google.com\/open?id=10zAppja21EihxYjmdCgGVh6tjsp09_s9\" target=\"_blank\">LandesratForum, 2015. j\u00falius<\/a><br \/>\n<a href=\"https:\/\/drive.google.com\/open?id=1_sQx7YipGqcLDSSUqs2_PwVTj6vZTe3p\" target=\"_blank\">LandesratForum, 2015. j\u00fanius<\/a><br \/>\n<a href=\"https:\/\/drive.google.com\/open?id=1CMiJaRoKneCKtgEog-kmSGqoPmh_v7te\" target=\"_blank\">LandesratForum, 2015. m\u00e1jus<\/a><br \/>\n<a href=\"https:\/\/drive.google.com\/open?id=1T3ucL0KEyOygHKxkzH_ARpPLKJqQEDBb\" target=\"_blank\">LandesratForum, 2015. \u00e1prilis<\/a><br \/>\n<a href=\"https:\/\/drive.google.com\/open?id=1VTY0QmX3p5nyyL2sxX_2Y4amPWOGVsU4\" target=\"_blank\">LandesratForum, 2015. m\u00e1rcius<\/a><br \/>\n<a href=\"https:\/\/drive.google.com\/open?id=1Nlf2ooCE_7Rl7kl4pd7CIx6tkvC8D5GS\" target=\"_blank\">LandesratForum, 2015. febru\u00e1r<\/a><br \/>\n<a href=\"https:\/\/drive.google.com\/open?id=1stifufbAdhDb_27OQhC-HQrTr09f6MPL\" target=\"_blank\">LandesratForum, 2015. janu\u00e1r<\/a><\/p>\n<h2>2014<\/h2>\n<p><a href=\"http:\/\/www.zentrum.hu\/wp-content\/uploads\/LANDESRATFORUM-12-DEZEMBER-2014.pdf\" target=\"_blank\">LandesratForum, 2014. december<\/a><br \/>\n<a href=\"http:\/\/www.zentrum.hu\/wp-content\/uploads\/BEARB-LandesratForum-November-2014.pdf\" target=\"_blank\">LandesratForum, 2014. november<\/a><br \/>\n<a href=\"http:\/\/www.zentrum.hu\/wp-content\/uploads\/LandesratForum-Oktober-mittel-180-dpi-2014.pdf\" target=\"_blank\">LandesratForum, 2014. okt\u00f3ber<\/a><br \/>\n<a href=\"http:\/\/www.zentrum.hu\/wp-content\/uploads\/Forum-09-SEPTEMBER-2014.pdf\" target=\"_blank\">LandesratForum, 2014. szeptember<\/a><br \/>\n<a href=\"http:\/\/www.zentrum.hu\/wp-content\/uploads\/Forum-08-AUGUST-2014.pdf\" target=\"_blank\">LandesratForum, 2014. augusztus<\/a><br \/>\n<a href=\"http:\/\/www.zentrum.hu\/wp-content\/uploads\/Forum-07-JULI-2014.pdf\" target=\"_blank\">LandesratForum, 2014. j\u00falius<\/a><br \/>\n<a href=\"http:\/\/www.zentrum.hu\/wp-content\/uploads\/Forum-06-JUNI-2014.pdf\" target=\"_blank\">LandesratForum, 2014. j\u00fanius<\/a><br \/>\n<a href=\"http:\/\/www.zentrum.hu\/wp-content\/uploads\/Forum-05-MAI-2014.pdf\" target=\"_blank\">LandesratForum, 2014. m\u00e1jus <\/a><br \/>\n<a href=\"http:\/\/www.zentrum.hu\/wp-content\/uploads\/Forum-04-APRIL-2014.pdf\" target=\"_blank\">LandesratForum, 2014. \u00e1prilis<\/a><br \/>\n<a href=\"http:\/\/www.zentrum.hu\/wp-content\/uploads\/Forum-03-M\u00c4RZ-2014.pdf\" target=\"_blank\">LandesratForum, 2014. m\u00e1rcius<\/a><br \/>\n<a href=\"http:\/\/www.zentrum.hu\/wp-content\/uploads\/Forum-02-Februar-Email-2014.pdf\" target=\"_blank\">LandesratForum, 2014. febru\u00e1r<\/a><br \/>\n<a href=\"http:\/\/www.zentrum.hu\/wp-content\/uploads\/2014-01-Januar.pdf\" target=\"_blank\">LandesratForum, 2014. janu\u00e1r<\/a><\/p>\n<h2>\u00a02013<\/h2>\n<p><a href=\"http:\/\/www.zentrum.hu\/wp-content\/uploads\/In-memoriam-Franz-Kreisz.pdf\" target=\"_blank\">LandesratForum, 2013. &#8211; Kreisz Ferenc eml\u00e9k\u00e9re<\/a><br \/>\n<a href=\"http:\/\/www.zentrum.hu\/wp-content\/uploads\/2013-12-Dezember.pdf\" target=\"_blank\">LandesratForum, 2013. december<\/a><br \/>\n<a href=\"http:\/\/www.zentrum.hu\/wp-content\/uploads\/2013-11-November.pdf\" target=\"_blank\">LandesratForum, 2013. november<\/a><br \/>\n<a href=\"http:\/\/www.zentrum.hu\/wp-content\/uploads\/2013-10-Oktober.pdf\" target=\"_blank\">LandesratForum, 2013. okt\u00f3ber<\/a><br \/>\n<a href=\"http:\/\/www.zentrum.hu\/wp-content\/uploads\/2013-09-September.pdf\" target=\"_blank\">LandesratForum, 2013. szeptember<\/a><br \/>\n<a href=\"http:\/\/www.zentrum.hu\/wp-content\/uploads\/2013-08-August.pdf\" target=\"_blank\">LandesratForum, 2013. augusztus<\/a><br \/>\n<a href=\"http:\/\/www.zentrum.hu\/wp-content\/uploads\/2013-07-Juli.pdf\" target=\"_blank\">LandesratForum, 2013. j\u00falius<\/a><br \/>\n<a href=\"http:\/\/www.zentrum.hu\/wp-content\/uploads\/2013-06-Juni.pdf\" target=\"_blank\">LandesratForum, 2013. j\u00fanius<\/a><br \/>\n<a href=\"http:\/\/www.zentrum.hu\/wp-content\/uploads\/2013-05-Mai.pdf\" target=\"_blank\">LandesratForum, 2013. m\u00e1jus<\/a><br \/>\n<a href=\"http:\/\/www.zentrum.hu\/wp-content\/uploads\/2013-04-April.pdf\" target=\"_blank\">LandesratForum, 2013. \u00e1prilis<\/a><br \/>\n<a href=\"http:\/\/www.zentrum.hu\/wp-content\/uploads\/2013-03-M\u00e4rz.pdf\" target=\"_blank\">LandesratForum, 2013. m\u00e1rcius<\/a><br \/>\n<a href=\"http:\/\/www.zentrum.hu\/wp-content\/uploads\/2013-02-Februar.pdf\" target=\"_blank\">LandesratForum, 2013. febru\u00e1r<\/a><br \/>\n<a href=\"http:\/\/www.zentrum.hu\/wp-content\/uploads\/2013-01-Januar.pdf\" target=\"_blank\">LandesratForum, 2013. janu\u00e1r<\/a><\/p>\n<h2>2012<\/h2>\n<p><a href=\"http:\/\/www.zentrum.hu\/wp-content\/uploads\/2012-12-Dezember.pdf\" target=\"_blank\">LandesratForum, 2012. december<\/a><br \/>\n<a href=\"http:\/\/www.zentrum.hu\/wp-content\/uploads\/2012-11-November.pdf\" target=\"_blank\">LandesratForum, 2012. november<\/a><br \/>\n<a href=\"http:\/\/www.zentrum.hu\/wp-content\/uploads\/2012-10-Oktober.pdf\" target=\"_blank\">LandesratForum, 2012. okt\u00f3ber<\/a><br \/>\n<a href=\"http:\/\/www.zentrum.hu\/wp-content\/uploads\/2012-09-September.pdf\" target=\"_blank\">LandesratForum, 2012. szeptember<\/a><br \/>\n<a href=\"http:\/\/www.zentrum.hu\/wp-content\/uploads\/2012-08-August.pdf\" target=\"_blank\">LandesratForum, 2012. augusztus<\/a><br \/>\n<a href=\"http:\/\/www.zentrum.hu\/wp-content\/uploads\/2012-07-Juli.pdf\" target=\"_blank\">LandesratForum, 2012. j\u00falius<\/a><br \/>\n<a href=\"http:\/\/www.zentrum.hu\/wp-content\/uploads\/2012-06-Juni.pdf\" target=\"_blank\">LandesratForum, 2012. j\u00fanius<\/a><br \/>\n<a href=\"http:\/\/www.zentrum.hu\/wp-content\/uploads\/2012-05-Mai.pdf\" target=\"_blank\">LandesratForum, 2012. m\u00e1jus<\/a><br \/>\n<a href=\"http:\/\/www.zentrum.hu\/wp-content\/uploads\/2012-04-April.pdf\" target=\"_blank\">LandesratForum, 2012. \u00e1prilis<\/a><br \/>\n<a href=\"http:\/\/www.zentrum.hu\/wp-content\/uploads\/2012-03-M\u00e4rz.pdf\" target=\"_blank\">LandesratForum, 2012. m\u00e1rcius<\/a><br \/>\n<a href=\"http:\/\/www.zentrum.hu\/wp-content\/uploads\/LANDESRATFORUM-KLEIN-Februar-2012.pdf\" target=\"_blank\">LandesratForum, 2012. febru\u00e1r<\/a><br \/>\n<a href=\"http:\/\/www.zentrum.hu\/wp-content\/uploads\/2012-01-Januar.pdf\" target=\"_blank\">LandesratForum, 2012. janu\u00e1r<\/a><\/p>\n<h2>2011<\/h2>\n<div title=\"Page 1\">\n<p><a href=\"http:\/\/www.zentrum.hu\/wp-content\/uploads\/2011-Sonderausgabe-Harkany.pdf\" target=\"_blank\">LandesratForum, k\u00fcl\u00f6nsz\u00e1m<\/a><br \/>\n<a href=\"http:\/\/www.zentrum.hu\/wp-content\/uploads\/2011-12-Dezember.pdf\" target=\"_blank\">LandesratForum, 2011. december<\/a><br \/>\n<a href=\"http:\/\/www.zentrum.hu\/wp-content\/uploads\/2011-11-November.pdf\" target=\"_blank\">LandesratForum, 2011. november<\/a><br \/>\n<a href=\"http:\/\/www.zentrum.hu\/wp-content\/uploads\/2011-10-Oktober.pdf\" target=\"_blank\">LandesratForum, 2011. okt\u00f3ber<\/a><br \/>\n<a href=\"http:\/\/www.zentrum.hu\/wp-content\/uploads\/2011-09-September.pdf\" target=\"_blank\">LandesratForum, 2011. szeptember<\/a><br \/>\n<a href=\"http:\/\/www.zentrum.hu\/wp-content\/uploads\/2011-08-August.pdf\" target=\"_blank\">LandesratForum, 2011. augusztus<\/a><br \/>\n<a href=\"http:\/\/www.zentrum.hu\/wp-content\/uploads\/2011-07-Juli.pdf\" target=\"_blank\">LandesratForum, 2011. j\u00falius<\/a><br \/>\n<a href=\"http:\/\/www.zentrum.hu\/wp-content\/uploads\/2011-06-Juni.pdf\" target=\"_blank\">LandesratForum, 2011. j\u00fanius<\/a><br \/>\n<a href=\"https:\/\/drive.google.com\/file\/d\/1UsJ4ofIwyZiw21E2FYwNcneR04QV3BoC\/view?usp=sharing\" target=\"_blank\">LandesratForum, 2011. m\u00e1jus<\/a><br \/>\n<a href=\"http:\/\/www.zentrum.hu\/wp-content\/uploads\/2011-04-April.pdf\" target=\"_blank\">LandesratForum, 2011. \u00e1prilis<\/a><br \/>\n<a href=\"http:\/\/www.zentrum.hu\/wp-content\/uploads\/2011-03-M\u00e4rz.pdf\" target=\"_blank\">LandesratForum, 2011. m\u00e1rcius<\/a><br \/>\n<a href=\"http:\/\/www.zentrum.hu\/wp-content\/uploads\/2011-02-Februar.pdf\" target=\"_blank\">LandesratForum, 2011. febru\u00e1r<\/a><br \/>\n<a href=\"http:\/\/www.zentrum.hu\/wp-content\/uploads\/2011-01-Januar.pdf\" target=\"_blank\">LandesratForum, 2011. janu\u00e1r<\/a><\/p>\n<h2>2010<\/h2>\n<p><a href=\"https:\/\/drive.google.com\/open?id=1I-iy39WWNsYaiNjl0GMXA0kEtHiucBHt\" target=\"_blank\">LandesratForum, 2010. december<\/a><br \/>\n<a href=\"https:\/\/drive.google.com\/open?id=1EZitchFIRiqsCCU0DDZAj8_72MtIoosT\" target=\"_blank\">LandesratForum, 2010. november<\/a><br \/>\n<a href=\"https:\/\/drive.google.com\/open?id=1DelEpC8g9LuqMWPPkKgj0nhLv5ezRlIv\" target=\"_blank\">LandesratForum, 2010. okt\u00f3ber<\/a><br \/>\n<a href=\"https:\/\/drive.google.com\/open?id=1Ykskw9ormpVmLLd27qWKigvPtWJjApup\" target=\"_blank\">LandesratForum, 2010. szeptember<\/a><br \/>\n<a href=\"https:\/\/drive.google.com\/open?id=1IVWvGJrjlBQVlBW3wg0sReE0H78y2FOx\" target=\"_blank\">LandesratForum, 2010. augusztus<\/a><br \/>\n<a href=\"https:\/\/drive.google.com\/open?id=1Udf9fQM-pADMK2tY6mgGK5i_cExr6Veo\" target=\"_blank\">LandesratForum, 2010. j\u00falius<\/a><br \/>\n<a href=\"https:\/\/drive.google.com\/open?id=1h_WN1B_ZbSqL7yrQLA-HsPP7fGRJgfBs\" target=\"_blank\">LandesratForum, 2010. j\u00fanius<\/a><br \/>\n<a href=\"https:\/\/drive.google.com\/open?id=1C-K0Moo2JX-vDyaxOo3ZKA5tGREt1gbb\" target=\"_blank\">LandesratForum, 2010. m\u00e1jus<\/a><br \/>\n<a href=\"https:\/\/drive.google.com\/open?id=10VG4i8vBTMNcMq1_kUlrTvzw8n6y8avP\" target=\"_blank\">LandesratForum, 2010. \u00e1prilis<\/a><br \/>\n<a href=\"https:\/\/drive.google.com\/open?id=1bFbLrokmDak5w7lu-k4DPC0DM34V8qIr\" target=\"_blank\">LandesratForum, 2010. m\u00e1rcius<\/a><br \/>\n<a href=\"https:\/\/drive.google.com\/open?id=1tiny6NOwTsLgzqLVFx6Ybw0GJw7g8PKx\" target=\"_blank\">LandesratForum, 2010. febru\u00e1r<\/a><br \/>\n<a href=\"https:\/\/drive.google.com\/open?id=1Hy9J9vAxzf2FZU7qDeIfswRxlZdtwH83\" target=\"_blank\">LandesratForum, 2010. janu\u00e1r<\/a><\/p>\n<h2>2009<\/h2>\n<p><a href=\"http:\/\/www.zentrum.hu\/wp-content\/uploads\/2009-12-Dezember.pdf\" target=\"_blank\">LandesratForum, 2009. december<\/a><br \/>\n<a href=\"http:\/\/www.zentrum.hu\/wp-content\/uploads\/2009-11-November.pdf\" target=\"_blank\">LandesratForum, 2009. november<\/a><br \/>\n<a href=\"http:\/\/www.zentrum.hu\/wp-content\/uploads\/2009-10-Oktober.pdf\" target=\"_blank\">LandesratForum, 2009. okt\u00f3ber<\/a><br \/>\n<a href=\"http:\/\/www.zentrum.hu\/wp-content\/uploads\/2009-09-September.pdf\" target=\"_blank\">LandesratForum, 2009. szeptember<\/a><br \/>\n<a href=\"http:\/\/www.zentrum.hu\/wp-content\/uploads\/2009-08-August.pdf\" target=\"_blank\">LandesratForum, 2009. augusztus<\/a><br \/>\n<a href=\"http:\/\/www.zentrum.hu\/wp-content\/uploads\/2009-07-Juli.pdf\" target=\"_blank\">LandesratForum, 2009. j\u00falius<\/a><br \/>\n<a href=\"http:\/\/www.zentrum.hu\/wp-content\/uploads\/2009-06-Juni.pdf\" target=\"_blank\">LandesratForum, 2009. j\u00fanius<\/a><br \/>\n<a href=\"http:\/\/www.zentrum.hu\/wp-content\/uploads\/LandesratForum-Mai-2009-.pdf\" target=\"_blank\">LandesratForum, 2009. m\u00e1jus<\/a><br \/>\n<a href=\"http:\/\/www.zentrum.hu\/wp-content\/uploads\/2009-04-April.pdf\" target=\"_blank\">LandesratForum, 2009. \u00e1prilis<\/a><br \/>\n<span style=\"line-height: 1.5em;\"><a href=\"http:\/\/www.zentrum.hu\/wp-content\/uploads\/2009-03-M\u00e4rz.pdf\" target=\"_blank\">LandesratForum, 2009. m\u00e1rcius<\/a><\/span><br \/>\n<a href=\"http:\/\/www.zentrum.hu\/wp-content\/uploads\/2009-02-Februar.pdf\" target=\"_blank\">LandesratForum, 2009. febru\u00e1r<\/a><br \/>\n<a href=\"http:\/\/www.zentrum.hu\/wp-content\/uploads\/2009-01-Januar.pdf\" target=\"_blank\">LandesratForum, 2009. janu\u00e1r<\/a><\/p>\n<h2>2008<\/h2>\n<p><a href=\"http:\/\/www.zentrum.hu\/wp-content\/uploads\/2008-12-Dezember.pdf\" target=\"_blank\">LandesratForum, 2008. december<\/a><br \/>\n<a href=\"http:\/\/www.zentrum.hu\/wp-content\/uploads\/2008-11-November.pdf\" target=\"_blank\">LandesratForum, 2008. november<\/a><br \/>\n<a href=\"http:\/\/www.zentrum.hu\/wp-content\/uploads\/2008-10-Oktober.pdf\" target=\"_blank\">LandesratForum, 2008. okt\u00f3ber<\/a><br \/>\n<a href=\"http:\/\/www.zentrum.hu\/wp-content\/uploads\/2008-09-September.pdf\" target=\"_blank\">LandesratForum, 2008. szeptember<\/a><br \/>\n<a href=\"http:\/\/www.zentrum.hu\/wp-content\/uploads\/2008-08-August.pdf\" target=\"_blank\">LandesratForum, 2008. augusztus<\/a><br \/>\n<a href=\"http:\/\/www.zentrum.hu\/wp-content\/uploads\/2008-07-Juli.pdf\" target=\"_blank\">LandesratForum, 2008. j\u00falius<\/a><br \/>\n<a href=\"http:\/\/www.zentrum.hu\/wp-content\/uploads\/2008-06-Juni.pdf\" target=\"_blank\">LandesratForum, 2008. j\u00fanius<\/a><br \/>\n<a href=\"http:\/\/www.zentrum.hu\/wp-content\/uploads\/2008-05-Mai.pdf\" target=\"_blank\">LandesratForum, 2008. m\u00e1jus<\/a><br \/>\n<a href=\"http:\/\/www.zentrum.hu\/wp-content\/uploads\/2008-04-April.pdf\" target=\"_blank\">LandesratForum, 2008. \u00e1prilis<\/a><br \/>\n<a href=\"http:\/\/www.zentrum.hu\/wp-content\/uploads\/2008-03-M\u00e4rz.pdf\" target=\"_blank\">LandesratForum, 2008. m\u00e1rcius<\/a><br \/>\n<a href=\"http:\/\/www.zentrum.hu\/wp-content\/uploads\/2008-02-Februar.pdf\" target=\"_blank\">LandesratForum, 2008. febru\u00e1r<\/a><br \/>\n<a href=\"http:\/\/www.zentrum.hu\/wp-content\/uploads\/2008-01-Januar.pdf\" target=\"_blank\">LandesratForum, 2008. janu\u00e1r<\/a><\/p>\n<\/div>\n","protected":false},"excerpt":{"rendered":"<p>A Magyarorsz\u00e1gi N\u00e9met \u00c9nek-, Zene- \u00e9s T\u00e1nckarok Orsz\u00e1gos Tan\u00e1csa havilapja 2019 LandesratForum, 2019. december LandesratForum, 2019. november LandesratForum, 2019. okt\u00f3ber LandesratForum, 2019. szeptember LandesratForum, 2019. augusztus LandesratForum, 2019. j\u00falius LandesratForum, 2019. j\u00fanius LandesratForum, 2019. m\u00e1jus LandesratForum, 2019. \u00e1prilis LandesratForum, 2019. m\u00e1rcius LandesratForum, 2019. febru\u00e1r LandesratForum, 2019. janu\u00e1r 2018 LandesratForum, 2018. december LandesratForum, 2018. november LandesratForum, [&hellip;]<\/p>\n","protected":false},"author":1,"featured_media":0,"parent":0,"menu_order":0,"comment_status":"closed","ping_status":"open","template":"collection-page.php","meta":{"_seopress_robots_primary_cat":"","_seopress_titles_title":"","_seopress_titles_desc":"","_seopress_robots_index":"","ngg_post_thumbnail":0,"footnotes":""},"class_list":["post-2625","page","type-page","status-publish"],"amp_enabled":false,"_links":{"self":[{"href":"https:\/\/www.zentrum.hu\/hu\/wp-json\/wp\/v2\/pages\/2625","targetHints":{"allow":["GET"]}}],"collection":[{"href":"https:\/\/www.zentrum.hu\/hu\/wp-json\/wp\/v2\/pages"}],"about":[{"href":"https:\/\/www.zentrum.hu\/hu\/wp-json\/wp\/v2\/types\/page"}],"author":[{"embeddable":true,"href":"https:\/\/www.zentrum.hu\/hu\/wp-json\/wp\/v2\/users\/1"}],"replies":[{"embeddable":true,"href":"https:\/\/www.zentrum.hu\/hu\/wp-json\/wp\/v2\/comments?post=2625"}],"version-history":[{"count":106,"href":"https:\/\/www.zentrum.hu\/hu\/wp-json\/wp\/v2\/pages\/2625\/revisions"}],"predecessor-version":[{"id":58428,"href":"https:\/\/www.zentrum.hu\/hu\/wp-json\/wp\/v2\/pages\/2625\/revisions\/58428"}],"wp:attachment":[{"href":"https:\/\/www.zentrum.hu\/hu\/wp-json\/wp\/v2\/media?parent=2625"}],"curies":[{"name":"wp","href":"https:\/\/api.w.org\/{rel}","templated":true}]}}